{"id":43,"date":"2021-01-20T00:17:58","date_gmt":"2021-01-20T00:17:58","guid":{"rendered":"https:\/\/total.wpexplorer.com\/square-media\/?page_id=43"},"modified":"2023-04-20T15:51:27","modified_gmt":"2023-04-20T13:51:27","slug":"services","status":"publish","type":"page","link":"https:\/\/www.knp-kanzlei.de\/?page_id=43","title":{"rendered":"Leistungen"},"content":{"rendered":"[vc_row][vc_column][vc_column_text]\n<h3 class=\"TextRows__title\">Moderne Finanzbuchhaltung\u200b<\/h3>\n[\/vc_column_text][vc_column_text]Erstellung der monatlichen Finanzbuchhaltung. Durch die Auswahl hochmoderner Vorsysteme sind wir auf dem neuesten Stand der Technik, wenn es um Themen wie Belegerkennung und k\u00fcnstliche Intelligenz geht. Dies kombinieren wir mit unserem Expertenwissen um h\u00f6chste Qualit\u00e4t zu gew\u00e4hrleisten.[\/vc_column_text][\/vc_column][\/vc_row][vc_row][vc_column][vc_column_text]\n<h3 class=\"TextRows__title\">Jahresabschluss<\/h3>\n[\/vc_column_text][vc_column_text]Durch die bereits von uns erstellte monatliche Finanzbuchhaltung erm\u00f6glichen wir eine effiziente und zeitnahe Jahresabschlusserstellung zur Information f\u00fcr Banken, Gesellschafter und Finanz\u00e4mter. Wir erstellen Jahresabschl\u00fcsse f\u00fcr Einzelunternehmer, Kapital- und Personengesellschaften.[\/vc_column_text][\/vc_column][\/vc_row][vc_row][vc_column][vc_column_text]\n<h3 class=\"TextRows__title\">Steuererkl\u00e4rungen<\/h3>\n[\/vc_column_text][vc_column_text]Wir bieten die Erstellung von betrieblichen und privaten Steuererkl\u00e4rungen an. Hierbei ist es unser Anspruch, doppelte Arbeit und Systembr\u00fcche zu vermeiden. Darum leiten wir die Bemessungsgrundlagen und weiteren Eingaben, die f\u00fcr die betrieblichen Steuererkl\u00e4rungen notwendig sind, weitgehend aus dem Buchwerk und den Jahresabschl\u00fcssen ab.[\/vc_column_text][\/vc_column][\/vc_row][vc_row][vc_column][vc_column_text]\n<h3 class=\"TextRows__title\">Steuerberatung<\/h3>\n[\/vc_column_text][vc_column_text]Wir beraten unsere Mandanten hinsichtlich der Einhaltung ihrer steuerlichen Pflichten, insbesondere in den Bereichen Umsatzsteuer, Lohnsteuerabzug und der F\u00fchrung von Kassenb\u00fcchern. Zudem pr\u00fcfen wir die Steuerveranlagungen und f\u00fchren bei Bedarf Rechtsbehelfsverfahren durch.[\/vc_column_text][\/vc_column][\/vc_row]\n","protected":false},"excerpt":{"rendered":"<p>[vc_row][vc_column][vc_column_text] Moderne Finanzbuchhaltung\u200b [\/vc_column_text][vc_column_text]Erstellung der monatlichen Finanzbuchhaltung. Durch die Auswahl hochmoderner Vorsysteme sind wir auf dem neuesten Stand der Technik, wenn es um Themen wie Belegerkennung und k\u00fcnstliche Intelligenz geht. Dies kombinieren wir mit unserem Expertenwissen um h\u00f6chste Qualit\u00e4t zu gew\u00e4hrleisten.[\/vc_column_text][\/vc_column][\/vc_row][vc_row][vc_column][vc_column_text] Jahresabschluss [\/vc_column_text][vc_column_text]Durch die bereits von uns erstellte monatliche Finanzbuchhaltung erm\u00f6glichen wir eine effiziente und&hellip;<\/p>\n","protected":false},"author":1,"featured_media":0,"parent":0,"menu_order":0,"comment_status":"closed","ping_status":"closed","template":"","meta":{"footnotes":""},"class_list":["post-43","page","type-page","status-publish","hentry","entry","no-media"],"_links":{"self":[{"href":"https:\/\/www.knp-kanzlei.de\/index.php?rest_route=\/wp\/v2\/pages\/43","targetHints":{"allow":["GET"]}}],"collection":[{"href":"https:\/\/www.knp-kanzlei.de\/index.php?rest_route=\/wp\/v2\/pages"}],"about":[{"href":"https:\/\/www.knp-kanzlei.de\/index.php?rest_route=\/wp\/v2\/types\/page"}],"author":[{"embeddable":true,"href":"https:\/\/www.knp-kanzlei.de\/index.php?rest_route=\/wp\/v2\/users\/1"}],"replies":[{"embeddable":true,"href":"https:\/\/www.knp-kanzlei.de\/index.php?rest_route=%2Fwp%2Fv2%2Fcomments&post=43"}],"version-history":[{"count":7,"href":"https:\/\/www.knp-kanzlei.de\/index.php?rest_route=\/wp\/v2\/pages\/43\/revisions"}],"predecessor-version":[{"id":356,"href":"https:\/\/www.knp-kanzlei.de\/index.php?rest_route=\/wp\/v2\/pages\/43\/revisions\/356"}],"wp:attachment":[{"href":"https:\/\/www.knp-kanzlei.de\/index.php?rest_route=%2Fwp%2Fv2%2Fmedia&parent=43"}],"curies":[{"name":"wp","href":"https:\/\/api.w.org\/{rel}","templated":true}]}}