{"id":37,"date":"2021-01-20T00:11:05","date_gmt":"2021-01-20T00:11:05","guid":{"rendered":"https:\/\/total.wpexplorer.com\/square-media\/?page_id=37"},"modified":"2023-04-20T15:50:43","modified_gmt":"2023-04-20T13:50:43","slug":"homepage","status":"publish","type":"page","link":"https:\/\/www.knp-kanzlei.de\/","title":{"rendered":"Homepage"},"content":{"rendered":"[vc_row full_width=&#8220;stretch_row&#8220; content_placement=&#8220;middle&#8220; parallax=&#8220;content-moving&#8220; parallax_image=&#8220;291&#8243; remove_bottom_col_margin=&#8220;true&#8220; css=&#8220;.vc_custom_1651404061030{padding-top: 40px !important;padding-bottom: 40px !important;background: #0a0a0a url(http:\/\/wordpress.p614327.webspaceconfig.de\/wp-content\/uploads\/2021\/01\/shapes.png?id=236);background-position: 0 0;background-repeat: no-repeat !important;}&#8220;][vc_column]<div class=\"vcex-spacing wpex-w-100 wpex-clear hide-at-mm-breakpoint\" style=\"height:160px;\"><\/div><style>.vcex_69f0a7455f5cc{font-size:58px!important;}@media (max-width:959px){.vcex_69f0a7455f5cc{font-size:34px!important;}}<\/style><h1 class=\"vcex-heading vcex-module wpex-text-2xl wpex-font-normal wpex-m-auto wpex-max-w-100 vcex-heading-plain wpex-block wpex-mb-20 vcex_69f0a7455f5cc\" style=\"color:#ffffff;\"><span class=\"vcex-heading-inner wpex-inline-block wpex-clr\">KNP &amp; Kollegen Steuerberatungsgesellschaft mbH<\/span><\/h1>[vc_column_text font_size=&#8220;d:24px|tp:18px&#8220; color=&#8220;#ffffff&#8220; font_weight=&#8220;500&#8243; width=&#8220;900px&#8220; align=&#8220;left&#8220;]Wir sind Pioniere in der Welt der modernen Steuerberatung. Unser Schwerpunkt ist die Beratung von inhabergef\u00fchrten Unternehmen und Freiberuflern sowie Gastronomiebetrieben.[\/vc_column_text]<div class=\"vcex-spacing wpex-w-100 wpex-clear hide-at-mm-breakpoint\" style=\"height:80px;\"><\/div>[\/vc_column][\/vc_row][vc_row css=&#8220;.vc_custom_1611110937030{margin-top: 100px !important;}&#8220;][vc_column width=&#8220;1\/3&#8243;]<div class=\"vcex-module vcex-icon-box vcex-icon-box-two wpex-relative wpex-text-center\"><div class=\"vcex-icon-box-symbol wpex-mb-20\"><div class=\"vcex-icon-box-icon wpex-inline-flex wpex-items-center wpex-justify-center wpex-child-inherit-color wpex-text-center wpex-leading-none wpex-text-1\" style=\"font-size:60px;\"><span class=\"typcn typcn-adjust-brightness\" aria-hidden=\"true\"><\/span><\/div><\/div><div class=\"vcex-icon-box-text\"><h2 class=\"vcex-icon-box-heading wpex-heading wpex-text-md wpex-mb-10\">Klarheit<\/h2><div class=\"vcex-icon-box-content wpex-last-mb-0 wpex-clr\"><p>Wir legen einen hohen Wert auf verst\u00e4ndliche Erl\u00e4uterungen, sodass Sie im Gesch\u00e4ftsalltag m\u00fchelos die richtigen Entscheidungen treffen k\u00f6nnen.<\/p>\n<\/div><\/div><\/div>[\/vc_column][vc_column width=&#8220;1\/3&#8243;]<div class=\"vcex-module vcex-icon-box vcex-icon-box-two wpex-relative wpex-text-center\"><div class=\"vcex-icon-box-symbol wpex-mb-20\"><div class=\"vcex-icon-box-icon wpex-inline-flex wpex-items-center wpex-justify-center wpex-child-inherit-color wpex-text-center wpex-leading-none wpex-text-1\" style=\"font-size:60px;\"><span class=\"ticon ticon-tint\" aria-hidden=\"true\"><\/span><\/div><\/div><div class=\"vcex-icon-box-text\"><h2 class=\"vcex-icon-box-heading wpex-heading wpex-text-md wpex-mb-10\">Smarte Tools<\/h2><div class=\"vcex-icon-box-content wpex-last-mb-0 wpex-clr\"><p>Wir bieten innovative, effiziente und digitale Prozesse in der Buchhaltung. Unser Ansporn ist es, den Alltag unserer Mandanten zu vereinfachen.<\/p>\n<\/div><\/div><\/div>[\/vc_column][vc_column width=&#8220;1\/3&#8243;]<div class=\"vcex-module vcex-icon-box vcex-icon-box-two wpex-relative wpex-text-center\"><div class=\"vcex-icon-box-symbol wpex-mb-20\"><div class=\"vcex-icon-box-icon wpex-inline-flex wpex-items-center wpex-justify-center wpex-child-inherit-color wpex-text-center wpex-leading-none wpex-text-1\" style=\"font-size:60px;\"><span class=\"ticon ticon-shield\" aria-hidden=\"true\"><\/span><\/div><\/div><div class=\"vcex-icon-box-text\"><h2 class=\"vcex-icon-box-heading wpex-heading wpex-text-md wpex-mb-10\">Expertenwissen<\/h2><div class=\"vcex-icon-box-content wpex-last-mb-0 wpex-clr\"><p>Wir haben langj\u00e4hrige Erfahrung mit inhabergef\u00fchrten Unternehmen und k\u00f6nnen ideal auf deren Probleme und Herausforderungen eingehen.<\/p>\n<\/div><\/div><\/div>[\/vc_column][\/vc_row][vc_row remove_bottom_col_margin=&#8220;true&#8220; css=&#8220;.vc_custom_1611172512970{margin-top: 60px !important;padding-top: 80px !important;padding-right: 20px !important;padding-bottom: 80px !important;padding-left: 20px !important;background-color: #f4f4f4 !important;}&#8220;][vc_column][vc_column_text text_align=&#8220;center&#8220; font_size=&#8220;2em&#8220; font_family=&#8220;Abril Fatface&#8220;]&#8220;Wir kennen die Herausforderungen von Kleinunternehmern und besitzen die Tools und die Expertise, um sie gemeinsam mit unseren Kunden zu meistern.&#8220;[\/vc_column_text]<div class=\"vcex-spacing wpex-w-100 wpex-clear\"><\/div>[vc_column_text text_align=&#8220;center&#8220; color=&#8220;#666666&#8243;]- Moritz K\u00fchl, Gesch\u00e4ftsf\u00fchrer KNP &amp; Kollegen Steuerberatungsgesellschaft mbH[\/vc_column_text][\/vc_column][\/vc_row]\n","protected":false},"excerpt":{"rendered":"<p>[vc_row full_width=&#8220;stretch_row&#8220; content_placement=&#8220;middle&#8220; parallax=&#8220;content-moving&#8220; parallax_image=&#8220;291&#8243; remove_bottom_col_margin=&#8220;true&#8220; css=&#8220;.vc_custom_1651404061030{padding-top: 40px !important;padding-bottom: 40px !important;background: #0a0a0a url(http:\/\/wordpress.p614327.webspaceconfig.de\/wp-content\/uploads\/2021\/01\/shapes.png?id=236);background-position: 0 0;background-repeat: no-repeat !important;}&#8220;][vc_column][vc_column_text font_size=&#8220;d:24px|tp:18px&#8220; color=&#8220;#ffffff&#8220; font_weight=&#8220;500&#8243; width=&#8220;900px&#8220; align=&#8220;left&#8220;]Wir sind Pioniere in der Welt der modernen Steuerberatung. Unser Schwerpunkt ist die Beratung von inhabergef\u00fchrten Unternehmen und Freiberuflern sowie Gastronomiebetrieben.[\/vc_column_text][\/vc_column][\/vc_row][vc_row css=&#8220;.vc_custom_1611110937030{margin-top: 100px !important;}&#8220;][vc_column width=&#8220;1\/3&#8243;][\/vc_column][vc_column width=&#8220;1\/3&#8243;][\/vc_column][vc_column width=&#8220;1\/3&#8243;][\/vc_column][\/vc_row][vc_row remove_bottom_col_margin=&#8220;true&#8220; css=&#8220;.vc_custom_1611172512970{margin-top: 60px !important;padding-top: 80px !important;padding-right: 20px&hellip;<\/p>\n","protected":false},"author":1,"featured_media":0,"parent":0,"menu_order":0,"comment_status":"closed","ping_status":"closed","template":"","meta":{"footnotes":""},"class_list":["post-37","page","type-page","status-publish","hentry","entry","no-media"],"_links":{"self":[{"href":"https:\/\/www.knp-kanzlei.de\/index.php?rest_route=\/wp\/v2\/pages\/37","targetHints":{"allow":["GET"]}}],"collection":[{"href":"https:\/\/www.knp-kanzlei.de\/index.php?rest_route=\/wp\/v2\/pages"}],"about":[{"href":"https:\/\/www.knp-kanzlei.de\/index.php?rest_route=\/wp\/v2\/types\/page"}],"author":[{"embeddable":true,"href":"https:\/\/www.knp-kanzlei.de\/index.php?rest_route=\/wp\/v2\/users\/1"}],"replies":[{"embeddable":true,"href":"https:\/\/www.knp-kanzlei.de\/index.php?rest_route=%2Fwp%2Fv2%2Fcomments&post=37"}],"version-history":[{"count":16,"href":"https:\/\/www.knp-kanzlei.de\/index.php?rest_route=\/wp\/v2\/pages\/37\/revisions"}],"predecessor-version":[{"id":355,"href":"https:\/\/www.knp-kanzlei.de\/index.php?rest_route=\/wp\/v2\/pages\/37\/revisions\/355"}],"wp:attachment":[{"href":"https:\/\/www.knp-kanzlei.de\/index.php?rest_route=%2Fwp%2Fv2%2Fmedia&parent=37"}],"curies":[{"name":"wp","href":"https:\/\/api.w.org\/{rel}","templated":true}]}}