{"id":337,"date":"2022-05-30T10:52:19","date_gmt":"2022-05-30T08:52:19","guid":{"rendered":"http:\/\/wordpress.p614327.webspaceconfig.de\/?page_id=337"},"modified":"2023-04-21T11:06:18","modified_gmt":"2023-04-21T09:06:18","slug":"impressum","status":"publish","type":"page","link":"https:\/\/www.knp-kanzlei.de\/?page_id=337","title":{"rendered":"Impressum"},"content":{"rendered":"\n<p>KNP &amp; Kollegen Steuerberatungsgesellschaft mbH<br>Meinekestra\u00dfe 24<br>10719 Berlin<br>Deutschland<\/p>\n\n\n\n<p>Tel.: 030 23598 3669<br>Telefax: 030 23598 3644<br>Email:\u00a0<a href=\"mailto:info@knp-kanzlei.de\">info@knp-kanzlei.de<\/a><br><br>Inhaltlich Verantwortliche gem\u00e4\u00df \u00a7 6 T: Moritz K\u00fchl und Dr. Bijan Niroomand (Anschrift wie oben)\u00a0<br><br>Herrn Rechtsanwalt Dr. Bijan Niroomand wurde die Berufsbezeichnung &#8222;Rechtsanwalt&#8220; in der Bundesrepublik Deutschland verliehen.<br><br>Berufsrechtliche Regelungen Rechtsanwalt<\/p>\n\n\n\n<p>&#8211; Bundesrechtsanwaltsordnung (BRAO)<br>&#8211; Berufsordnung f\u00fcr Rechtsanw\u00e4lte (BORA)<br>&#8211; Fachanwaltsordnung (FAO)<br>&#8211; Rechtsanwaltsverg\u00fctungsgesetz (RVG)<br>&#8211; Berufsregelungen der Rechtsanw\u00e4lte der Europ\u00e4ischen Union<br><br>Die Regelungen k\u00f6nnen bei der Bundesrechtsanwaltskammer unter&nbsp;<a href=\"http:\/\/www.brak.de\/seiten\/06.php#tdg\"><strong>http:\/\/www.brak.de\/seiten\/06.php#tdg<\/strong><\/a><strong>&nbsp;<\/strong>eingesehen werden&nbsp;<\/p>\n\n\n\n<p><br>Angaben zur&nbsp;<strong>Berufshaftpflichtversicherung:<\/strong><\/p>\n\n\n\n<p>Name und Sitz der Gesellschaft:<\/p>\n\n\n\n<p>Geltungsraum der Versicherung:<br><br>Herr Steuerberater Moritz K\u00fchl<br>Kammer: Steuerberaterkammer Berlin<br>Verliehen durch: Deutschland<br>Es gelten folgende<br>berufsrechtliche Regelungen: Berufsordnung der Steuerberater<br>Regelungen einsehbar unter:&nbsp;<a href=\"https:\/\/www.bstbk.de\/de\/steuerberater\/berufsrecht\/\" target=\"_blank\" rel=\"noreferrer noopener\">https:\/\/www.bstbk.de\/de\/steuerberater\/berufsrecht\/<\/a><br><\/p>\n\n\n\n<p>Zust\u00e4ndige Aufsichtsbeh\u00f6rden:<br>Rechtsanwaltskammer Berlin, Littenstr. 9, 10179 Berlin<br>Steuerberaterkammer Berlin Kd\u00f6R, Wichmannstra\u00dfe 6, 10787 Berlin<br><br>Zust\u00e4ndige Kammern:<br>Rechtsanwaltskammer Berlin (Anschrift wie vor)<br>Steuerberaterkammer Berlin Kd\u00f6R, Wichmannstra\u00dfe 6, 10787 Berlin<br><br><strong>Links&nbsp;<\/strong><\/p>\n\n\n\n<p>Alle Links auf externe Seiten wurden vom Anbieter bei Erstellung der Seite sorgf\u00e4ltig gepr\u00fcft. M\u00f6gliche Rechtsverst\u00f6\u00dfe waren zum Zeitpunkt der Verlinkung nicht erkennbar. Allerdings hat der Anbieter keinen Einfluss auf die Inhalte verlinkter Seiten, hierf\u00fcr ist der jeweilige Dienstanbieter verantwortlich. Der Anbieter hat hierzu keine allgemeine \u00dcberwachungs- und Pr\u00fcfungspflicht. Bei Bekanntwerden einer Rechtsverletzung wird der entsprechende Link jedoch umgehend entfernt.<br><\/p>\n\n\n\n<p><strong>Rechtliche Hinweise&nbsp;<\/strong><\/p>\n\n\n\n<p>Alle Texte, Bilder und weiter hier ver\u00f6ffentlichten Informationen unterliegen dem Urheberrecht des Anbieters, soweit nicht Urheberrechte Dritter bestehen. In jedem Fall ist eine Vervielf\u00e4ltigung, Verbreitung oder \u00f6ffentliche Wiedergabe ausschlie\u00dflich im Falle einer widerruflichen und nicht \u00fcbertragbaren Zustimmung des Anbieters gestattet.<\/p>\n","protected":false},"excerpt":{"rendered":"<p>KNP &amp; Kollegen Steuerberatungsgesellschaft mbHMeinekestra\u00dfe 2410719 BerlinDeutschland Tel.: 030 23598 3669Telefax: 030 23598 3644Email:\u00a0info@knp-kanzlei.de Inhaltlich Verantwortliche gem\u00e4\u00df \u00a7 6 T: Moritz K\u00fchl und Dr. Bijan Niroomand (Anschrift wie oben)\u00a0 Herrn Rechtsanwalt Dr. Bijan Niroomand wurde die Berufsbezeichnung &#8222;Rechtsanwalt&#8220; in der Bundesrepublik Deutschland verliehen. Berufsrechtliche Regelungen Rechtsanwalt &#8211; Bundesrechtsanwaltsordnung (BRAO)&#8211; Berufsordnung f\u00fcr Rechtsanw\u00e4lte (BORA)&#8211; Fachanwaltsordnung (FAO)&#8211;&hellip;<\/p>\n","protected":false},"author":1,"featured_media":0,"parent":0,"menu_order":0,"comment_status":"closed","ping_status":"closed","template":"","meta":{"footnotes":""},"class_list":["post-337","page","type-page","status-publish","hentry","entry","no-media"],"_links":{"self":[{"href":"https:\/\/www.knp-kanzlei.de\/index.php?rest_route=\/wp\/v2\/pages\/337","targetHints":{"allow":["GET"]}}],"collection":[{"href":"https:\/\/www.knp-kanzlei.de\/index.php?rest_route=\/wp\/v2\/pages"}],"about":[{"href":"https:\/\/www.knp-kanzlei.de\/index.php?rest_route=\/wp\/v2\/types\/page"}],"author":[{"embeddable":true,"href":"https:\/\/www.knp-kanzlei.de\/index.php?rest_route=\/wp\/v2\/users\/1"}],"replies":[{"embeddable":true,"href":"https:\/\/www.knp-kanzlei.de\/index.php?rest_route=%2Fwp%2Fv2%2Fcomments&post=337"}],"version-history":[{"count":2,"href":"https:\/\/www.knp-kanzlei.de\/index.php?rest_route=\/wp\/v2\/pages\/337\/revisions"}],"predecessor-version":[{"id":380,"href":"https:\/\/www.knp-kanzlei.de\/index.php?rest_route=\/wp\/v2\/pages\/337\/revisions\/380"}],"wp:attachment":[{"href":"https:\/\/www.knp-kanzlei.de\/index.php?rest_route=%2Fwp%2Fv2%2Fmedia&parent=337"}],"curies":[{"name":"wp","href":"https:\/\/api.w.org\/{rel}","templated":true}]}}