{"id":27,"date":"2021-01-19T23:45:24","date_gmt":"2021-01-19T23:45:24","guid":{"rendered":"https:\/\/total.wpexplorer.com\/square-media\/?page_id=27"},"modified":"2023-04-20T17:17:21","modified_gmt":"2023-04-20T15:17:21","slug":"jobs","status":"publish","type":"page","link":"https:\/\/www.knp-kanzlei.de\/?page_id=27","title":{"rendered":"Karriere"},"content":{"rendered":"[vc_row][vc_column][vc_column_text]Wir verstehen uns als Pionier im Bereich der innovativen, digitalen und effizienten Steuerberatung f\u00fcr Unternehmer und Unternehmen. Wir suchen f\u00fcr unser wachsendes Team st\u00e4ndig motivierte Steuerberater, Steuerfachwirte, Steuerfachangestellte und Bilanzbuchhalter, die effiziente Abl\u00e4ufe sch\u00e4tzen und mitgestalten wollen, gerne Verantwortung \u00fcbernehmen und deshalb gut zu unserem innovativen Ansatz passen.<\/p>\n<p>Au\u00dferdem sind wir auf der Suche nach Absolventen, welche das Steuerfachwesen von morgen mitgestalten und mit beeinflussen wollen.<\/p>\n<p>Unsere aktuellen offenen Positionen finden Sie hier:[\/vc_column_text][\/vc_column][\/vc_row][vc_row columns_right=&#8220;yes&#8220;][vc_column width=&#8220;1\/2&#8243;]<figure class=\"vcex-image vcex-module wpex-clr textcenter\"><div class=\"vcex-image-inner wpex-relative wpex-inline-block\"><img decoding=\"async\" loading=\"lazy\" class=\"wpex-align-middle\" src=\"https:\/\/www.knp-kanzlei.de\/wp-content\/uploads\/2021\/01\/choosing-a-theme-1000x800.jpg\" alt=\"\" width=\"1000\" height=\"800\"><\/div><\/figure>[\/vc_column][vc_column width=&#8220;1\/2&#8243;]<div class=\"vcex-heading vcex-module wpex-text-2xl wpex-font-normal wpex-m-auto wpex-max-w-100 vcex-heading-bottom-border wpex-block wpex-mb-50 wpex-border-b wpex-border-solid wpex-border-main wpex-inline-block\" style=\"font-size:24px;font-weight:700;border-bottom-color:#0a0a0a;\"><span class=\"vcex-heading-inner wpex-inline-block wpex-clr\">Offene Positionen<\/span><\/div><div class=\"vcex-module vcex-icon-box vcex-icon-box-one wpex-relative wpex-flex wpex-mb-50 wpex-text-left\"><div class=\"vcex-icon-box-symbol wpex-flex-shrink-0 wpex-mr-40\" style=\"width:60px;\"><div class=\"vcex-icon-box-icon wpex-inline-flex wpex-items-center wpex-justify-center wpex-child-inherit-color wpex-text-center wpex-leading-none wpex-w-100 wpex-text-1\" style=\"color:#444444;border-radius:9999px;background:#eeeeee;height:60px;\"><span class=\"ticon ticon-tint\" aria-hidden=\"true\"><\/span><\/div><\/div><div class=\"vcex-icon-box-text wpex-flex-grow\"><h2 class=\"vcex-icon-box-heading wpex-heading wpex-text-md wpex-mb-10\" style=\"font-weight:600;font-size:18px;\">Spezialist Lohn-\/Gehaltsabrechnung (m\/f\/d)<\/h2><div class=\"vcex-icon-box-content wpex-last-mb-0 wpex-clr\"><p>Bewerbungen an: <a href=\"mailto:info@knp-kanzlei.de\">info@knp-kanzlei.de<\/a><\/p>\n<\/div><\/div><\/div><div class=\"vcex-module vcex-icon-box vcex-icon-box-one wpex-relative wpex-flex wpex-mb-50 wpex-text-left\"><div class=\"vcex-icon-box-symbol wpex-flex-shrink-0 wpex-mr-40\" style=\"width:60px;\"><div class=\"vcex-icon-box-icon wpex-inline-flex wpex-items-center wpex-justify-center wpex-child-inherit-color wpex-text-center wpex-leading-none wpex-w-100 wpex-text-1\" style=\"color:#444444;border-radius:9999px;background:#eeeeee;height:60px;\"><span class=\"ticon ticon-user-o\" aria-hidden=\"true\"><\/span><\/div><\/div><div class=\"vcex-icon-box-text wpex-flex-grow\"><h2 class=\"vcex-icon-box-heading wpex-heading wpex-text-md wpex-mb-10\" style=\"font-weight:600;font-size:18px;\">Steuerfachangestellter\/Steuerfachwirt (m\/f\/d)<\/h2><div class=\"vcex-icon-box-content wpex-last-mb-0 wpex-clr\"><p>Bewerbungen an: <a href=\"mailto:info@knp-kanzlei.de\">info@knp-kanzlei.de<\/a><\/p>\n<\/div><\/div><\/div>[\/vc_column][\/vc_row]\n","protected":false},"excerpt":{"rendered":"<p>[vc_row][vc_column][vc_column_text]Wir verstehen uns als Pionier im Bereich der innovativen, digitalen und effizienten Steuerberatung f\u00fcr Unternehmer und Unternehmen. Wir suchen f\u00fcr unser wachsendes Team st\u00e4ndig motivierte Steuerberater, Steuerfachwirte, Steuerfachangestellte und Bilanzbuchhalter, die effiziente Abl\u00e4ufe sch\u00e4tzen und mitgestalten wollen, gerne Verantwortung \u00fcbernehmen und deshalb gut zu unserem innovativen Ansatz passen. Au\u00dferdem sind wir auf der Suche nach&hellip;<\/p>\n","protected":false},"author":1,"featured_media":0,"parent":0,"menu_order":0,"comment_status":"closed","ping_status":"closed","template":"","meta":{"footnotes":""},"class_list":["post-27","page","type-page","status-publish","hentry","entry","no-media"],"_links":{"self":[{"href":"https:\/\/www.knp-kanzlei.de\/index.php?rest_route=\/wp\/v2\/pages\/27","targetHints":{"allow":["GET"]}}],"collection":[{"href":"https:\/\/www.knp-kanzlei.de\/index.php?rest_route=\/wp\/v2\/pages"}],"about":[{"href":"https:\/\/www.knp-kanzlei.de\/index.php?rest_route=\/wp\/v2\/types\/page"}],"author":[{"embeddable":true,"href":"https:\/\/www.knp-kanzlei.de\/index.php?rest_route=\/wp\/v2\/users\/1"}],"replies":[{"embeddable":true,"href":"https:\/\/www.knp-kanzlei.de\/index.php?rest_route=%2Fwp%2Fv2%2Fcomments&post=27"}],"version-history":[{"count":8,"href":"https:\/\/www.knp-kanzlei.de\/index.php?rest_route=\/wp\/v2\/pages\/27\/revisions"}],"predecessor-version":[{"id":375,"href":"https:\/\/www.knp-kanzlei.de\/index.php?rest_route=\/wp\/v2\/pages\/27\/revisions\/375"}],"wp:attachment":[{"href":"https:\/\/www.knp-kanzlei.de\/index.php?rest_route=%2Fwp%2Fv2%2Fmedia&parent=27"}],"curies":[{"name":"wp","href":"https:\/\/api.w.org\/{rel}","templated":true}]}}